{"id":57,"date":"2026-03-10T14:51:10","date_gmt":"2026-03-10T14:51:10","guid":{"rendered":"https:\/\/ppimultimedia.ca\/mentions-legales\/"},"modified":"2026-03-30T21:07:56","modified_gmt":"2026-03-30T21:07:56","slug":"mentions-legales","status":"publish","type":"page","link":"https:\/\/ppimultimedia.ca\/en\/mentions-legales\/","title":{"rendered":"Mentions L\u00e9gales"},"content":{"rendered":"<div class=\"wp-block-group alignfull is-style-ext-preset--group--natural-1--section has-background-background-color has-background has-global-padding is-layout-constrained wp-container-core-group-is-layout-6150fac0 wp-block-group-is-layout-constrained is-style-ext-preset--group--natural-1--section--1\" style=\"margin-top:0;margin-bottom:0;padding-top:var(--wp--preset--spacing--70);padding-bottom:var(--wp--preset--spacing--70)\">\n<p class=\"ext-animate--on\"><strong>Information importante: <\/strong>Tout droits r\u00e9serv\u00e9s PPI multimedia inc.<br><br> <strong>\u00c9diteur du site:<\/strong><br> ((PPI multimedia inc.))<br> ((2-118 rue Conrad))<br> ((H7N 4H9, Laval (Qc))<br> ((Canada))<br><br> <strong>Coordonn\u00e9es:<\/strong><br> T\u00e9l\u00e9phone: ((1.514.466.1253))<br> E-mail: ((valorem.laval@gmail.com))<br> Site web: ((PPI multimedia.ca))<br><br> <strong>Repr\u00e9sentant l\u00e9gal:<\/strong><br> ((Benoit Lamontagne))<br> (Pr\u00e9sident)<br><br> <strong>Derni\u00e8re mise \u00e0 jour:<\/strong><br> ((30-03-2026))<\/p>\n<\/div>","protected":false},"excerpt":{"rendered":"<p>Information importante: Tout droits r\u00e9serv\u00e9s PPI multimedia inc. \u00c9diteur du site: ((PPI multimedia inc.)) ((2-118 rue Conrad)) ((H7N 4H9, Laval (Qc)) ((Canada)) Coordonn\u00e9es: T\u00e9l\u00e9phone: ((1.514.466.1253)) E-mail: ((valorem.laval@gmail.com)) Site web: ((PPI multimedia.ca)) Repr\u00e9sentant l\u00e9gal: ((Benoit Lamontagne)) (Pr\u00e9sident) Derni\u00e8re mise \u00e0 jour: ((30-03-2026))<\/p>","protected":false},"author":1,"featured_media":0,"parent":0,"menu_order":0,"comment_status":"closed","ping_status":"closed","template":"page-with-title","meta":{"footnotes":""},"class_list":["post-57","page","type-page","status-publish","hentry"],"_links":{"self":[{"href":"https:\/\/ppimultimedia.ca\/en\/wp-json\/wp\/v2\/pages\/57","targetHints":{"allow":["GET"]}}],"collection":[{"href":"https:\/\/ppimultimedia.ca\/en\/wp-json\/wp\/v2\/pages"}],"about":[{"href":"https:\/\/ppimultimedia.ca\/en\/wp-json\/wp\/v2\/types\/page"}],"author":[{"embeddable":true,"href":"https:\/\/ppimultimedia.ca\/en\/wp-json\/wp\/v2\/users\/1"}],"replies":[{"embeddable":true,"href":"https:\/\/ppimultimedia.ca\/en\/wp-json\/wp\/v2\/comments?post=57"}],"version-history":[{"count":1,"href":"https:\/\/ppimultimedia.ca\/en\/wp-json\/wp\/v2\/pages\/57\/revisions"}],"predecessor-version":[{"id":151,"href":"https:\/\/ppimultimedia.ca\/en\/wp-json\/wp\/v2\/pages\/57\/revisions\/151"}],"wp:attachment":[{"href":"https:\/\/ppimultimedia.ca\/en\/wp-json\/wp\/v2\/media?parent=57"}],"curies":[{"name":"wp","href":"https:\/\/api.w.org\/{rel}","templated":true}]}}