{"id":55,"date":"2026-03-10T14:51:03","date_gmt":"2026-03-10T14:51:03","guid":{"rendered":"https:\/\/ppimultimedia.ca\/ressources\/"},"modified":"2026-05-10T18:47:19","modified_gmt":"2026-05-10T18:47:19","slug":"ressources","status":"publish","type":"page","link":"https:\/\/ppimultimedia.ca\/en\/ressources\/","title":{"rendered":"Conditions"},"content":{"rendered":"<div class=\"wp-block-group alignfull is-style-ext-preset--group--natural-1--section has-background-background-color has-background has-global-padding is-layout-constrained wp-container-core-group-is-layout-e955bbaf wp-block-group-is-layout-constrained is-style-ext-preset--group--natural-1--section--1\" id=\"resources\" style=\"margin-top:0;margin-bottom:0;padding-top:var(--wp--preset--spacing--70);padding-bottom:var(--wp--preset--spacing--70)\">\n<div class=\"wp-block-group alignwide ext-is-logical-start is-style-ext-preset--group--natural-1--header-1 has-global-padding is-content-justification-left is-layout-constrained wp-container-core-group-is-layout-6729bdbe wp-block-group-is-layout-constrained is-style-ext-preset--group--natural-1--header-1--2\">\n<p class=\"has-text-align-center ext-animate--on\"><\/p>\n\n\n\n<p class=\"has-text-align-center ext-animate--on\">Tout est con\u00e7u pour favoriser la fiert\u00e9 personnelle de cohabiter<\/p>\n\n\n\n<h2 class=\"wp-block-heading ext-animate--on\"><strong><mark style=\"background-color:rgba(0, 0, 0, 0)\" class=\"has-inline-color has-foreground-color\">Astuces pour un s\u00e9jour plaisant et confortable<\/mark><\/strong><\/h2>\n<\/div>\n\n\n\n<div class=\"wp-block-columns alignwide is-layout-flex wp-container-core-columns-is-layout-08c01c1c wp-block-columns-is-layout-flex\">\n<div class=\"wp-block-column is-vertically-aligned-stretch ext-animate--on is-layout-flow wp-container-core-column-is-layout-f5bb311e wp-block-column-is-layout-flow\">\n<div class=\"wp-block-group is-style-ext-preset--group--natural-1--item-card-1--align-start has-global-padding is-layout-constrained wp-block-group-is-layout-constrained is-style-ext-preset--group--natural-1--item-card-1--align-start--3\">\n<div class=\"wp-block-group is-style-default has-global-padding is-layout-constrained wp-block-group-is-layout-constrained\">\n<figure class=\"wp-block-image size-large ext-aspect-landscape wp-duotone-primary-foreground\"><img decoding=\"async\" src=\"data:image\/svg+xml;base64,PHN2ZyB4bWxucz0iaHR0cDovL3d3dy53My5vcmcvMjAwMC9zdmciIHdpZHRoPSI0OCIgaGVpZ2h0PSI0OCIgZmlsbD0iIzAwMDAwMCIgdmlld0JveD0iMCAwIDI1NiAyNTYiPjxwYXRoIGQ9Ik0xNzIsNzZhNDQsNDQsMCwxLDAtNDQsNDRBNDQuMDUsNDQuMDUsMCwwLDAsMTcyLDc2Wm0tNDQsMjhhMjgsMjgsMCwxLDEsMjgtMjhBMjgsMjgsMCwwLDEsMTI4LDEwNFptNjAsMjRhNDQsNDQsMCwxLDAsNDQsNDRBNDQuMDUsNDQuMDUsMCwwLDAsMTg4LDEyOFptMCw3MmEyOCwyOCwwLDEsMSwyOC0yOEEyOCwyOCwwLDAsMSwxODgsMjAwWk02OCwxMjhhNDQsNDQsMCwxLDAsNDQsNDRBNDQuMDUsNDQuMDUsMCwwLDAsNjgsMTI4Wm0wLDcyYTI4LDI4LDAsMSwxLDI4LTI4QTI4LDI4LDAsMCwxLDY4LDIwMFoiPjwvcGF0aD48L3N2Zz4=\" alt=\"\" style=\"object-fit:cover\"\/><\/figure>\n\n\n\n<h3 class=\"wp-block-heading\">R\u00e8gle de location<\/h3>\n\n\n\n<p>D\u00e9couvrez la r\u00e8gle principale \u00e0 respecter pour une location en toute harmonie:<\/p>\n\n\n\n<p class=\"ext-animate--on\">Ramasse-toi tout de suite, le prochain a le droit aux \u00e9quipements propres et fonctionnels.<\/p>\n<\/div>\n\n\n\n<div class=\"wp-block-group is-style-default ext-animate--on has-global-padding is-layout-constrained wp-block-group-is-layout-constrained\">\n<div class=\"wp-block-buttons is-layout-flex wp-block-buttons-is-layout-flex\">\n<div class=\"wp-block-button is-style-ext-preset--button--natural-1--button-1 is-style-ext-preset--button--natural-1--button-1--4\"><a class=\"wp-block-button__link wp-element-button\" href=\"https:\/\/ppimultimedia.ca\/en\/FAQ\/\">FAQ<\/a><\/div>\n<\/div>\n<\/div>\n<\/div>\n<\/div>\n\n\n\n<div class=\"wp-block-column is-vertically-aligned-stretch ext-animate--on is-layout-flow wp-container-core-column-is-layout-f5bb311e wp-block-column-is-layout-flow\">\n<div class=\"wp-block-group is-style-ext-preset--group--natural-1--item-card-1--align-start has-global-padding is-layout-constrained wp-block-group-is-layout-constrained is-style-ext-preset--group--natural-1--item-card-1--align-start--5\">\n<div class=\"wp-block-group is-style-default has-global-padding is-layout-constrained wp-block-group-is-layout-constrained\">\n<figure class=\"wp-block-image size-large ext-aspect-landscape wp-duotone-primary-foreground\"><img decoding=\"async\" src=\"data:image\/svg+xml;base64,PHN2ZyB4bWxucz0iaHR0cDovL3d3dy53My5vcmcvMjAwMC9zdmciIHdpZHRoPSI0OCIgaGVpZ2h0PSI0OCIgZmlsbD0iIzAwMDAwMCIgdmlld0JveD0iMCAwIDI1NiAyNTYiPjxwYXRoIGQ9Ik04MCw0MGE0MCw0MCwwLDEsMCw0MCw0MEE0MCw0MCwwLDAsMCw4MCw0MFptMCw2NGEyNCwyNCwwLDEsMSwyNC0yNEEyNCwyNCwwLDAsMSw4MCwxMDRabTk2LDE2YTQwLDQwLDAsMSwwLTQwLTQwQTQwLDQwLDAsMCwwLDE3NiwxMjBabTAtNjRhMjQsMjQsMCwxLDEtMjQsMjRBMjQsMjQsMCwwLDEsMTc2LDU2Wk04MCwxMzZhNDAsNDAsMCwxLDAsNDAsNDBBNDAsNDAsMCwwLDAsODAsMTM2Wm0wLDY0YTI0LDI0LDAsMSwxLDI0LTI0QTI0LDI0LDAsMCwxLDgwLDIwMFptOTYtNjRhNDAsNDAsMCwxLDAsNDAsNDBBNDAsNDAsMCwwLDAsMTc2LDEzNlptMCw2NGEyNCwyNCwwLDEsMSwyNC0yNEEyNCwyNCwwLDAsMSwxNzYsMjAwWiI+PC9wYXRoPjwvc3ZnPg==\" alt=\"\" style=\"object-fit:cover\"\/><\/figure>\n\n\n\n<h3 class=\"wp-block-heading\">Avantages et services<\/h3>\n\n\n\n<p>Apprenez comment profiter pleinement des b\u00e9n\u00e9fices li\u00e9s \u00e0 la location de chambres sans soucis.<\/p>\n\n\n\n<div class=\"wp-block-buttons is-layout-flex wp-block-buttons-is-layout-flex\">\n<div class=\"wp-block-button is-style-ext-preset--button--natural-1--button-1 is-style-ext-preset--button--natural-1--button-1--6\"><a class=\"wp-block-button__link wp-element-button\">EXPLOREZ ICI BAS<\/a><\/div>\n<\/div>\n<\/div>\n<\/div>\n<\/div>\n\n\n\n<div class=\"wp-block-column is-vertically-aligned-stretch ext-animate--on is-layout-flow wp-container-core-column-is-layout-f5bb311e wp-block-column-is-layout-flow\">\n<div class=\"wp-block-group is-style-ext-preset--group--natural-1--item-card-1--align-start has-global-padding is-layout-constrained wp-block-group-is-layout-constrained is-style-ext-preset--group--natural-1--item-card-1--align-start--7\">\n<div class=\"wp-block-group is-style-default has-global-padding is-layout-constrained wp-block-group-is-layout-constrained\">\n<figure class=\"wp-block-image size-large ext-aspect-landscape wp-duotone-primary-foreground\"><img decoding=\"async\" src=\"data:image\/svg+xml;base64,PHN2ZyB4bWxucz0iaHR0cDovL3d3dy53My5vcmcvMjAwMC9zdmciIHdpZHRoPSI0OCIgaGVpZ2h0PSI0OCIgZmlsbD0iIzAwMDAwMCIgdmlld0JveD0iMCAwIDI1NiAyNTYiPjxwYXRoIGQ9Ik04MCw0MGE0MCw0MCwwLDEsMCw0MCw0MEE0MCw0MCwwLDAsMCw4MCw0MFptMCw2NGEyNCwyNCwwLDEsMSwyNC0yNEEyNCwyNCwwLDAsMSw4MCwxMDRabTk2LDE2YTQwLDQwLDAsMSwwLTQwLTQwQTQwLDQwLDAsMCwwLDE3NiwxMjBabTAtNjRhMjQsMjQsMCwxLDEtMjQsMjRBMjQsMjQsMCwwLDEsMTc2LDU2Wk04MCwxMzZhNDAsNDAsMCwxLDAsNDAsNDBBNDAsNDAsMCwwLDAsODAsMTM2Wm0wLDY0YTI0LDI0LDAsMSwxLDI0LTI0QTI0LDI0LDAsMCwxLDgwLDIwMFptMTM2LTI0YTgsOCwwLDAsMS04LDhIMTg0djI0YTgsOCwwLDAsMS0xNiwwVjE4NEgxNDRhOCw4LDAsMCwxLDAtMTZoMjRWMTQ0YTgsOCwwLDAsMSwxNiwwdjI0aDI0QTgsOCwwLDAsMSwyMTYsMTc2WiI+PC9wYXRoPjwvc3ZnPg==\" alt=\"\" style=\"object-fit:cover\"\/><\/figure>\n\n\n\n<h3 class=\"wp-block-heading\">Droits et responsabilit\u00e9s des locataires<\/h3>\n\n\n\n<p>Informez-vous sur vos droits et protections lors de la location d\u2019une chambre.<\/p>\n\n\n\n<div class=\"wp-block-buttons is-layout-flex wp-block-buttons-is-layout-flex\">\n<div class=\"wp-block-button is-style-ext-preset--button--natural-1--button-1 is-style-ext-preset--button--natural-1--button-1--8\"><a class=\"wp-block-button__link wp-element-button\" href=\"https:\/\/ppimultimedia.ca\/en\/FAQ\/\">FAQ<\/a><\/div>\n<\/div>\n<\/div>\n<\/div>\n<\/div>\n<\/div>\n<\/div>\n\n\n\n<div class=\"wp-block-group alignfull is-style-ext-preset--group--natural-1--section has-tertiary-background-color has-background has-global-padding is-layout-constrained wp-container-core-group-is-layout-e955bbaf wp-block-group-is-layout-constrained is-style-ext-preset--group--natural-1--section--9\" style=\"margin-top:0;margin-bottom:0;padding-top:var(--wp--preset--spacing--70);padding-bottom:var(--wp--preset--spacing--70)\">\n<div class=\"wp-block-group alignwide ext-is-logical-start has-global-padding is-content-justification-left is-layout-constrained wp-container-core-group-is-layout-20186816 wp-block-group-is-layout-constrained\">\n<h2 class=\"wp-block-heading has-text-align-left ext-animate--on\">Explorez vos raisons de louer une chambre Valorem<\/h2>\n\n\n\n<p class=\"has-text-align-left ext-animate--on\" style=\"margin-top:1.5rem\">Changer de vie quand \u00eatre nomade ne fais plus l&rsquo;affaire. D\u00e9couvrez les informations essentielles sur la location de chambres, incluant les avantages et inconv\u00e9nients pour une exp\u00e9rience durable.<\/p>\n<\/div>\n\n\n\n<div class=\"wp-block-columns alignwide is-layout-flex wp-container-core-columns-is-layout-28f84493 wp-block-columns-is-layout-flex\">\n<div class=\"wp-block-column is-vertically-aligned-stretch ext-animate--on is-layout-flow wp-block-column-is-layout-flow\">\n<div class=\"wp-block-group is-style-ext-preset--group--natural-1--item-card-1--align-start has-background-background-color has-background is-vertical is-content-justification-stretch is-layout-flex wp-container-core-group-is-layout-4cb539e6 wp-block-group-is-layout-flex is-style-ext-preset--group--natural-1--item-card-1--align-start--10\" style=\"min-height:100%;padding-top:0;padding-right:0;padding-bottom:0;padding-left:0\">\n<figure class=\"wp-block-image size-large\"><img loading=\"lazy\" decoding=\"async\" width=\"768\" height=\"1024\" src=\"https:\/\/ppimultimedia.ca\/wp-content\/uploads\/2026\/04\/2022-09-09-12.52.53-768x1024.jpg\" alt=\"\" class=\"wp-image-383\" style=\"aspect-ratio:1;object-fit:cover\" srcset=\"https:\/\/ppimultimedia.ca\/wp-content\/uploads\/2026\/04\/2022-09-09-12.52.53-768x1024.jpg 768w, https:\/\/ppimultimedia.ca\/wp-content\/uploads\/2026\/04\/2022-09-09-12.52.53-225x300.jpg 225w, https:\/\/ppimultimedia.ca\/wp-content\/uploads\/2026\/04\/2022-09-09-12.52.53-1152x1536.jpg 1152w, https:\/\/ppimultimedia.ca\/wp-content\/uploads\/2026\/04\/2022-09-09-12.52.53-1536x2048.jpg 1536w, https:\/\/ppimultimedia.ca\/wp-content\/uploads\/2026\/04\/2022-09-09-12.52.53-9x12.jpg 9w, https:\/\/ppimultimedia.ca\/wp-content\/uploads\/2026\/04\/2022-09-09-12.52.53.jpg 1550w\" sizes=\"auto, (max-width: 768px) 100vw, 768px\" \/><\/figure>\n\n\n\n<div class=\"wp-block-group is-style-default wp-container-content-9cfa9a5a is-vertical is-content-justification-stretch is-layout-flex wp-container-core-group-is-layout-d1099038 wp-block-group-is-layout-flex\" style=\"margin-top:0;padding-top:1.5rem;padding-right:1.5rem;padding-bottom:1.5rem;padding-left:1.5rem\">\n<div class=\"wp-block-columns is-not-stacked-on-mobile is-layout-flex wp-container-core-columns-is-layout-ea69a204 wp-block-columns-is-layout-flex\">\n<div class=\"wp-block-column is-layout-flow wp-block-column-is-layout-flow\" style=\"flex-basis:66.66%\">\n<h3 class=\"wp-block-heading has-medium-font-size\">Pourquoi louer?<\/h3>\n\n\n\n<p class=\"ext-animate--on\">Confortable, s\u00e9curitaire et propre<\/p>\n\n\n\n<p class=\"ext-animate--on\" style=\"margin-top:4px;margin-bottom:0;font-size:14px\">Nouveau r\u00e9seau complet<\/p>\n\n\n\n<p class=\"ext-animate--on\" style=\"margin-top:4px;margin-bottom:0;font-size:14px\">Simple et facile<\/p>\n<\/div>\n\n\n\n<div class=\"wp-block-column is-layout-flow wp-block-column-is-layout-flow\" style=\"flex-basis:33.33%\">\n<h3 class=\"wp-block-heading has-text-align-right\" style=\"font-size:clamp(14px, 0.875rem + ((1vw - 3.2px) * 0.625), 20px);\">\u00c9conomique<\/h3>\n<\/div>\n<\/div>\n<\/div>\n<\/div>\n<\/div>\n\n\n\n<div class=\"wp-block-column is-vertically-aligned-stretch ext-animate--on is-layout-flow wp-block-column-is-layout-flow\">\n<div class=\"wp-block-group is-style-ext-preset--group--natural-1--item-card-1--align-start has-background-background-color has-background is-vertical is-content-justification-stretch is-layout-flex wp-container-core-group-is-layout-4cb539e6 wp-block-group-is-layout-flex is-style-ext-preset--group--natural-1--item-card-1--align-start--11\" style=\"min-height:100%;padding-top:0;padding-right:0;padding-bottom:0;padding-left:0\">\n<figure class=\"wp-block-image size-large\"><img loading=\"lazy\" decoding=\"async\" width=\"768\" height=\"1024\" src=\"https:\/\/ppimultimedia.ca\/wp-content\/uploads\/2026\/04\/2022-09-09-12.51.57-768x1024.jpg\" alt=\"\" class=\"wp-image-379\" style=\"aspect-ratio:1;object-fit:cover\" srcset=\"https:\/\/ppimultimedia.ca\/wp-content\/uploads\/2026\/04\/2022-09-09-12.51.57-768x1024.jpg 768w, https:\/\/ppimultimedia.ca\/wp-content\/uploads\/2026\/04\/2022-09-09-12.51.57-225x300.jpg 225w, https:\/\/ppimultimedia.ca\/wp-content\/uploads\/2026\/04\/2022-09-09-12.51.57-1152x1536.jpg 1152w, https:\/\/ppimultimedia.ca\/wp-content\/uploads\/2026\/04\/2022-09-09-12.51.57-1536x2048.jpg 1536w, https:\/\/ppimultimedia.ca\/wp-content\/uploads\/2026\/04\/2022-09-09-12.51.57-9x12.jpg 9w, https:\/\/ppimultimedia.ca\/wp-content\/uploads\/2026\/04\/2022-09-09-12.51.57.jpg 1550w\" sizes=\"auto, (max-width: 768px) 100vw, 768px\" \/><\/figure>\n\n\n\n<div class=\"wp-block-group is-style-default wp-container-content-9cfa9a5a is-vertical is-content-justification-stretch is-layout-flex wp-container-core-group-is-layout-d1099038 wp-block-group-is-layout-flex\" style=\"margin-top:0;padding-top:1.5rem;padding-right:1.5rem;padding-bottom:1.5rem;padding-left:1.5rem\">\n<div class=\"wp-block-columns is-not-stacked-on-mobile is-layout-flex wp-container-core-columns-is-layout-ea69a204 wp-block-columns-is-layout-flex\">\n<div class=\"wp-block-column is-layout-flow wp-block-column-is-layout-flow\" style=\"flex-basis:66.66%\">\n<h3 class=\"wp-block-heading has-medium-font-size\">Pourquoi rester?<\/h3>\n\n\n\n<p class=\"ext-animate--on\">Les nouveaux amis<\/p>\n\n\n\n<p class=\"ext-animate--on\" style=\"margin-top:4px;margin-bottom:0;font-size:14px\">La s\u00e9curit\u00e9<\/p>\n\n\n\n<p class=\"ext-animate--on\" style=\"margin-top:4px;margin-bottom:0;font-size:14px\">Pas encore assez riche<\/p>\n<\/div>\n\n\n\n<div class=\"wp-block-column is-layout-flow wp-block-column-is-layout-flow\" style=\"flex-basis:33.33%\">\n<h3 class=\"wp-block-heading has-text-align-right\" style=\"font-size:clamp(14px, 0.875rem + ((1vw - 3.2px) * 0.625), 20px);\">Inclusions<\/h3>\n<\/div>\n<\/div>\n<\/div>\n<\/div>\n<\/div>\n\n\n\n<div class=\"wp-block-column is-vertically-aligned-stretch ext-animate--on is-layout-flow wp-block-column-is-layout-flow\">\n<div class=\"wp-block-group is-style-ext-preset--group--natural-1--item-card-1--align-start has-background-background-color has-background is-vertical is-content-justification-stretch is-layout-flex wp-container-core-group-is-layout-4cb539e6 wp-block-group-is-layout-flex is-style-ext-preset--group--natural-1--item-card-1--align-start--12\" style=\"min-height:100%;padding-top:0;padding-right:0;padding-bottom:0;padding-left:0\">\n<figure class=\"wp-block-image size-large\"><img loading=\"lazy\" decoding=\"async\" width=\"768\" height=\"1024\" src=\"https:\/\/ppimultimedia.ca\/wp-content\/uploads\/2026\/04\/2022-09-09-12.52.02-768x1024.jpg\" alt=\"\" class=\"wp-image-380\" style=\"aspect-ratio:1;object-fit:cover\" srcset=\"https:\/\/ppimultimedia.ca\/wp-content\/uploads\/2026\/04\/2022-09-09-12.52.02-768x1024.jpg 768w, https:\/\/ppimultimedia.ca\/wp-content\/uploads\/2026\/04\/2022-09-09-12.52.02-225x300.jpg 225w, https:\/\/ppimultimedia.ca\/wp-content\/uploads\/2026\/04\/2022-09-09-12.52.02-1152x1536.jpg 1152w, https:\/\/ppimultimedia.ca\/wp-content\/uploads\/2026\/04\/2022-09-09-12.52.02-1536x2048.jpg 1536w, https:\/\/ppimultimedia.ca\/wp-content\/uploads\/2026\/04\/2022-09-09-12.52.02-9x12.jpg 9w, https:\/\/ppimultimedia.ca\/wp-content\/uploads\/2026\/04\/2022-09-09-12.52.02.jpg 1550w\" sizes=\"auto, (max-width: 768px) 100vw, 768px\" \/><\/figure>\n\n\n\n<div class=\"wp-block-group is-style-default wp-container-content-9cfa9a5a is-vertical is-content-justification-stretch is-layout-flex wp-container-core-group-is-layout-2f2da33a wp-block-group-is-layout-flex\" style=\"margin-top:0;padding-top:1.5rem;padding-right:1.5rem;padding-bottom:1.5rem;padding-left:1.5rem\">\n<div class=\"wp-block-columns is-not-stacked-on-mobile is-layout-flex wp-container-core-columns-is-layout-ea69a204 wp-block-columns-is-layout-flex\">\n<div class=\"wp-block-column is-layout-flow wp-block-column-is-layout-flow\" style=\"flex-basis:66.66%\">\n<h3 class=\"wp-block-heading has-medium-font-size\">Ne pas louer si&#8230;<\/h3>\n\n\n\n<p class=\"ext-animate--on\">Abuser des autres<\/p>\n\n\n\n<p class=\"ext-animate--on\" style=\"margin-top:4px;margin-bottom:0;font-size:14px\">En attendant<\/p>\n\n\n\n<p class=\"ext-animate--on\" style=\"margin-top:4px;margin-bottom:0;font-size:14px\">Je suis loin de tout<\/p>\n<\/div>\n\n\n\n<div class=\"wp-block-column is-layout-flow wp-block-column-is-layout-flow\" style=\"flex-basis:33.33%\">\n<h3 class=\"wp-block-heading has-text-align-right\" style=\"font-size:clamp(14px, 0.875rem + ((1vw - 3.2px) * 0.625), 20px);\">Fausse bonne id\u00e9e<\/h3>\n<\/div>\n<\/div>\n<\/div>\n<\/div>\n<\/div>\n<\/div>\n<\/div>","protected":false},"excerpt":{"rendered":"<p>Tout est con\u00e7u pour favoriser la fiert\u00e9 personnelle de cohabiter Astuces pour un s\u00e9jour plaisant et confortable R\u00e8gle de location D\u00e9couvrez la r\u00e8gle principale \u00e0 respecter pour une location en toute harmonie: Ramasse-toi tout de suite, le prochain a le droit aux \u00e9quipements propres et fonctionnels. Avantages et services Apprenez comment profiter pleinement des b\u00e9n\u00e9fices [&hellip;]<\/p>\n","protected":false},"author":1,"featured_media":0,"parent":0,"menu_order":0,"comment_status":"closed","ping_status":"closed","template":"page-with-title","meta":{"footnotes":""},"class_list":["post-55","page","type-page","status-publish","hentry"],"_links":{"self":[{"href":"https:\/\/ppimultimedia.ca\/en\/wp-json\/wp\/v2\/pages\/55","targetHints":{"allow":["GET"]}}],"collection":[{"href":"https:\/\/ppimultimedia.ca\/en\/wp-json\/wp\/v2\/pages"}],"about":[{"href":"https:\/\/ppimultimedia.ca\/en\/wp-json\/wp\/v2\/types\/page"}],"author":[{"embeddable":true,"href":"https:\/\/ppimultimedia.ca\/en\/wp-json\/wp\/v2\/users\/1"}],"replies":[{"embeddable":true,"href":"https:\/\/ppimultimedia.ca\/en\/wp-json\/wp\/v2\/comments?post=55"}],"version-history":[{"count":7,"href":"https:\/\/ppimultimedia.ca\/en\/wp-json\/wp\/v2\/pages\/55\/revisions"}],"predecessor-version":[{"id":420,"href":"https:\/\/ppimultimedia.ca\/en\/wp-json\/wp\/v2\/pages\/55\/revisions\/420"}],"wp:attachment":[{"href":"https:\/\/ppimultimedia.ca\/en\/wp-json\/wp\/v2\/media?parent=55"}],"curies":[{"name":"wp","href":"https:\/\/api.w.org\/{rel}","templated":true}]}}