{"id":53,"date":"2026-03-10T14:51:02","date_gmt":"2026-03-10T14:51:02","guid":{"rendered":"https:\/\/ppimultimedia.ca\/galerie\/"},"modified":"2026-04-12T23:14:43","modified_gmt":"2026-04-12T23:14:43","slug":"galerie","status":"publish","type":"page","link":"https:\/\/ppimultimedia.ca\/en\/galerie\/","title":{"rendered":"Galerie"},"content":{"rendered":"<div class=\"wp-block-group alignfull is-style-ext-preset--group--natural-1--section has-background-background-color has-background has-global-padding is-layout-constrained wp-container-core-group-is-layout-e955bbaf wp-block-group-is-layout-constrained is-style-ext-preset--group--natural-1--section--1\" style=\"margin-top:0;margin-bottom:0;padding-top:var(--wp--preset--spacing--70);padding-bottom:var(--wp--preset--spacing--70)\">\n<div class=\"wp-block-group alignwide ext-is-logical-start has-global-padding is-content-justification-left is-layout-constrained wp-container-core-group-is-layout-20186816 wp-block-group-is-layout-constrained\">\n<h2 class=\"wp-block-heading has-text-align-left ext-animate--on\">L&#8217;emplacement optimal pour profiter pleinement de votre chambre \u00e0 Laval<\/h2>\n\n\n\n<p class=\"has-text-align-left ext-animate--on\" style=\"margin-top:1.5rem\">D\u00e9couvrez notre galerie photo pr\u00e9sentant nos chambres confortables et les services exclusifs pour un s\u00e9jour de qualit\u00e9.<\/p>\n<\/div>\n\n\n\n<div class=\"wp-block-columns alignwide is-layout-flex wp-container-core-columns-is-layout-28f84493 wp-block-columns-is-layout-flex\">\n<div class=\"wp-block-column is-vertically-aligned-stretch ext-animate--on is-layout-flow wp-block-column-is-layout-flow\">\n<div class=\"wp-block-group is-style-ext-preset--group--natural-1--item-card-1--align-start has-tertiary-background-color has-background is-vertical is-content-justification-stretch is-layout-flex wp-container-core-group-is-layout-4cb539e6 wp-block-group-is-layout-flex is-style-ext-preset--group--natural-1--item-card-1--align-start--2\" style=\"min-height:100%;padding-top:0;padding-right:0;padding-bottom:0;padding-left:0\">\n<figure class=\"wp-block-image size-large\"><img loading=\"lazy\" decoding=\"async\" width=\"1024\" height=\"768\" src=\"https:\/\/ppimultimedia.ca\/wp-content\/uploads\/2026\/04\/118extw-1024x768.jpg\" alt=\"\" class=\"wp-image-160\" style=\"aspect-ratio:1;object-fit:cover\" srcset=\"https:\/\/ppimultimedia.ca\/wp-content\/uploads\/2026\/04\/118extw-1024x768.jpg 1024w, https:\/\/ppimultimedia.ca\/wp-content\/uploads\/2026\/04\/118extw-300x225.jpg 300w, https:\/\/ppimultimedia.ca\/wp-content\/uploads\/2026\/04\/118extw-768x576.jpg 768w, https:\/\/ppimultimedia.ca\/wp-content\/uploads\/2026\/04\/118extw-1536x1152.jpg 1536w, https:\/\/ppimultimedia.ca\/wp-content\/uploads\/2026\/04\/118extw-16x12.jpg 16w, https:\/\/ppimultimedia.ca\/wp-content\/uploads\/2026\/04\/118extw.jpg 1579w\" sizes=\"auto, (max-width: 1024px) 100vw, 1024px\" \/><\/figure>\n\n\n\n<div class=\"wp-block-group is-style-default wp-container-content-9cfa9a5a is-vertical is-content-justification-stretch is-layout-flex wp-container-core-group-is-layout-d1099038 wp-block-group-is-layout-flex\" style=\"margin-top:0;padding-top:1.5rem;padding-right:1.5rem;padding-bottom:1.5rem;padding-left:1.5rem\">\n<div class=\"wp-block-columns is-not-stacked-on-mobile is-layout-flex wp-container-core-columns-is-layout-ea69a204 wp-block-columns-is-layout-flex\">\n<div class=\"wp-block-column is-layout-flow wp-block-column-is-layout-flow\" style=\"flex-basis:66.66%\">\n<h3 class=\"wp-block-heading has-medium-font-size\">Laval des Rapides<\/h3>\n\n\n\n<p style=\"margin-top:4px;margin-bottom:0;font-size:14px\">Confort Classique<\/p>\n<\/div>\n\n\n\n<div class=\"wp-block-column is-layout-flow wp-block-column-is-layout-flow\" style=\"flex-basis:33.33%\">\n<h3 class=\"wp-block-heading has-text-align-right\" style=\"font-size:clamp(14px, 0.875rem + ((1vw - 3.2px) * 0.625), 20px);\">prochaine dispo: Libre<\/h3>\n<\/div>\n<\/div>\n<\/div>\n<\/div>\n<\/div>\n\n\n\n<div class=\"wp-block-column is-vertically-aligned-stretch ext-animate--on is-layout-flow wp-block-column-is-layout-flow\">\n<div class=\"wp-block-group is-style-ext-preset--group--natural-1--item-card-1--align-start has-tertiary-background-color has-background is-vertical is-content-justification-stretch is-layout-flex wp-container-core-group-is-layout-4cb539e6 wp-block-group-is-layout-flex is-style-ext-preset--group--natural-1--item-card-1--align-start--3\" style=\"min-height:100%;padding-top:0;padding-right:0;padding-bottom:0;padding-left:0\">\n<figure class=\"wp-block-image size-large\"><img loading=\"lazy\" decoding=\"async\" width=\"1024\" height=\"768\" src=\"https:\/\/ppimultimedia.ca\/wp-content\/uploads\/2026\/03\/20221028_092414-1-1024x768.jpg\" alt=\"\" class=\"wp-image-105\" style=\"aspect-ratio:1;object-fit:cover\" srcset=\"https:\/\/ppimultimedia.ca\/wp-content\/uploads\/2026\/03\/20221028_092414-1-1024x768.jpg 1024w, https:\/\/ppimultimedia.ca\/wp-content\/uploads\/2026\/03\/20221028_092414-1-300x225.jpg 300w, https:\/\/ppimultimedia.ca\/wp-content\/uploads\/2026\/03\/20221028_092414-1-768x576.jpg 768w, https:\/\/ppimultimedia.ca\/wp-content\/uploads\/2026\/03\/20221028_092414-1-1536x1152.jpg 1536w, https:\/\/ppimultimedia.ca\/wp-content\/uploads\/2026\/03\/20221028_092414-1-16x12.jpg 16w, https:\/\/ppimultimedia.ca\/wp-content\/uploads\/2026\/03\/20221028_092414-1.jpg 1567w\" sizes=\"auto, (max-width: 1024px) 100vw, 1024px\" \/><\/figure>\n\n\n\n<div class=\"wp-block-group is-style-default wp-container-content-9cfa9a5a is-vertical is-content-justification-stretch is-layout-flex wp-container-core-group-is-layout-d1099038 wp-block-group-is-layout-flex\" style=\"margin-top:0;padding-top:1.5rem;padding-right:1.5rem;padding-bottom:1.5rem;padding-left:1.5rem\">\n<div class=\"wp-block-columns is-not-stacked-on-mobile is-layout-flex wp-container-core-columns-is-layout-ea69a204 wp-block-columns-is-layout-flex\">\n<div class=\"wp-block-column is-layout-flow wp-block-column-is-layout-flow\" style=\"flex-basis:66.66%\">\n<h3 class=\"wp-block-heading has-medium-font-size\">Chomedey<\/h3>\n\n\n\n<p style=\"margin-top:4px;margin-bottom:0;font-size:14px\">\u00c9l\u00e9gance Moderne<\/p>\n<\/div>\n\n\n\n<div class=\"wp-block-column is-layout-flow wp-block-column-is-layout-flow\" style=\"flex-basis:33.33%\">\n<h3 class=\"wp-block-heading has-text-align-right\" style=\"font-size:clamp(14px, 0.875rem + ((1vw - 3.2px) * 0.625), 20px);\">prochaine dispo: Libre<\/h3>\n<\/div>\n<\/div>\n<\/div>\n<\/div>\n<\/div>\n\n\n\n<div class=\"wp-block-column is-vertically-aligned-stretch ext-animate--on is-layout-flow wp-block-column-is-layout-flow\">\n<div class=\"wp-block-group is-style-ext-preset--group--natural-1--item-card-1--align-start has-tertiary-background-color has-background is-vertical is-content-justification-stretch is-layout-flex wp-container-core-group-is-layout-4cb539e6 wp-block-group-is-layout-flex is-style-ext-preset--group--natural-1--item-card-1--align-start--4\" style=\"min-height:100%;padding-top:0;padding-right:0;padding-bottom:0;padding-left:0\">\n<figure class=\"wp-block-image size-large\"><img loading=\"lazy\" decoding=\"async\" width=\"1024\" height=\"768\" src=\"https:\/\/ppimultimedia.ca\/wp-content\/uploads\/2026\/03\/20221028_092414-1024x768.jpg\" alt=\"\" class=\"wp-image-104\" style=\"aspect-ratio:1;object-fit:cover\" srcset=\"https:\/\/ppimultimedia.ca\/wp-content\/uploads\/2026\/03\/20221028_092414-1024x768.jpg 1024w, https:\/\/ppimultimedia.ca\/wp-content\/uploads\/2026\/03\/20221028_092414-300x225.jpg 300w, https:\/\/ppimultimedia.ca\/wp-content\/uploads\/2026\/03\/20221028_092414-768x576.jpg 768w, https:\/\/ppimultimedia.ca\/wp-content\/uploads\/2026\/03\/20221028_092414-1536x1152.jpg 1536w, https:\/\/ppimultimedia.ca\/wp-content\/uploads\/2026\/03\/20221028_092414-16x12.jpg 16w, https:\/\/ppimultimedia.ca\/wp-content\/uploads\/2026\/03\/20221028_092414.jpg 1572w\" sizes=\"auto, (max-width: 1024px) 100vw, 1024px\" \/><\/figure>\n\n\n\n<div class=\"wp-block-group is-style-default wp-container-content-9cfa9a5a is-vertical is-content-justification-stretch is-layout-flex wp-container-core-group-is-layout-2f2da33a wp-block-group-is-layout-flex\" style=\"margin-top:0;padding-top:1.5rem;padding-right:1.5rem;padding-bottom:1.5rem;padding-left:1.5rem\">\n<div class=\"wp-block-columns is-not-stacked-on-mobile is-layout-flex wp-container-core-columns-is-layout-ea69a204 wp-block-columns-is-layout-flex\">\n<div class=\"wp-block-column is-layout-flow wp-block-column-is-layout-flow\" style=\"flex-basis:66.66%\">\n<h3 class=\"wp-block-heading has-medium-font-size\">Ste Doroth\u00e9e<\/h3>\n\n\n\n<p style=\"margin-top:4px;margin-bottom:0;font-size:14px\">Nature et Espace<\/p>\n<\/div>\n\n\n\n<div class=\"wp-block-column is-layout-flow wp-block-column-is-layout-flow\" style=\"flex-basis:33.33%\">\n<h3 class=\"wp-block-heading has-text-align-right\" style=\"font-size:clamp(14px, 0.875rem + ((1vw - 3.2px) * 0.625), 20px);\">prochaine dispo: <mark style=\"background-color:rgba(0, 0, 0, 0)\" class=\"has-inline-color has-secondary-color\">Mai<\/mark><\/h3>\n<\/div>\n<\/div>\n<\/div>\n<\/div>\n<\/div>\n<\/div>\n<\/div>\n\n\n\n<div class=\"wp-block-group alignfull is-style-ext-preset--group--natural-1--section has-tertiary-background-color has-background has-global-padding is-layout-constrained wp-container-core-group-is-layout-f72f1611 wp-block-group-is-layout-constrained is-style-ext-preset--group--natural-1--section--5\" id=\"features\" style=\"margin-top:0;margin-bottom:0;padding-top:var(--wp--preset--spacing--70);padding-bottom:var(--wp--preset--spacing--70)\">\n<div class=\"wp-block-group alignwide ext-is-logical-start has-global-padding is-content-justification-left is-layout-constrained wp-container-core-group-is-layout-6729bdbe wp-block-group-is-layout-constrained\">\n<h2 class=\"wp-block-heading ext-animate--on\">Principes cl\u00e9s pour une location r\u00e9ussie et sereine<\/h2>\n\n\n\n<p class=\"has-text-align-left ext-animate--on\">D\u00e9couvrez les atouts majeurs de nos chambres, con\u00e7us pour offrir confort et tranquillit\u00e9.<\/p>\n<\/div>\n\n\n\n<div class=\"wp-block-columns alignwide is-layout-flex wp-container-core-columns-is-layout-08c01c1c wp-block-columns-is-layout-flex\">\n<div class=\"wp-block-column is-vertically-aligned-stretch ext-animate--on is-layout-flow wp-container-core-column-is-layout-f5bb311e wp-block-column-is-layout-flow\">\n<div class=\"wp-block-group is-style-ext-preset--group--natural-1--item-card-1--align-start has-global-padding is-layout-constrained wp-block-group-is-layout-constrained is-style-ext-preset--group--natural-1--item-card-1--align-start--6\">\n<div class=\"wp-block-group is-style-default has-global-padding is-layout-constrained wp-block-group-is-layout-constrained\">\n<figure class=\"wp-block-image size-large ext-aspect-landscape wp-duotone-primary-foreground\"><img decoding=\"async\" src=\"data:image\/svg+xml;base64,PHN2ZyB4bWxucz0iaHR0cDovL3d3dy53My5vcmcvMjAwMC9zdmciIHdpZHRoPSI0OCIgaGVpZ2h0PSI0OCIgZmlsbD0iIzAwMDAwMCIgdmlld0JveD0iMCAwIDI1NiAyNTYiPjxwYXRoIGQ9Ik0xNzIsNzZhNDQsNDQsMCwxLDAtNDQsNDRBNDQuMDUsNDQuMDUsMCwwLDAsMTcyLDc2Wm0tNDQsMjhhMjgsMjgsMCwxLDEsMjgtMjhBMjgsMjgsMCwwLDEsMTI4LDEwNFptNjAsMjRhNDQsNDQsMCwxLDAsNDQsNDRBNDQuMDUsNDQuMDUsMCwwLDAsMTg4LDEyOFptMCw3MmEyOCwyOCwwLDEsMSwyOC0yOEEyOCwyOCwwLDAsMSwxODgsMjAwWk02OCwxMjhhNDQsNDQsMCwxLDAsNDQsNDRBNDQuMDUsNDQuMDUsMCwwLDAsNjgsMTI4Wm0wLDcyYTI4LDI4LDAsMSwxLDI4LTI4QTI4LDI4LDAsMCwxLDY4LDIwMFoiPjwvcGF0aD48L3N2Zz4=\" alt=\"\" style=\"object-fit:cover\"\/><\/figure>\n\n\n\n<h3 class=\"wp-block-heading\">S\u00e9curit\u00e9<\/h3>\n\n\n\n<p>Nous assurons les politiques et un syst\u00e8me pour favoriser le respect des r\u00e8gles .<\/p>\n<\/div>\n<\/div>\n<\/div>\n\n\n\n<div class=\"wp-block-column is-vertically-aligned-stretch ext-animate--on is-layout-flow wp-container-core-column-is-layout-f5bb311e wp-block-column-is-layout-flow\">\n<div class=\"wp-block-group is-style-ext-preset--group--natural-1--item-card-1--align-start has-global-padding is-layout-constrained wp-block-group-is-layout-constrained is-style-ext-preset--group--natural-1--item-card-1--align-start--7\">\n<div class=\"wp-block-group is-style-default has-global-padding is-layout-constrained wp-block-group-is-layout-constrained\">\n<figure class=\"wp-block-image size-large ext-aspect-landscape wp-duotone-primary-foreground\"><img decoding=\"async\" src=\"data:image\/svg+xml;base64,PHN2ZyB4bWxucz0iaHR0cDovL3d3dy53My5vcmcvMjAwMC9zdmciIHdpZHRoPSI0OCIgaGVpZ2h0PSI0OCIgZmlsbD0iIzAwMDAwMCIgdmlld0JveD0iMCAwIDI1NiAyNTYiPjxwYXRoIGQ9Ik04MCw0MGE0MCw0MCwwLDEsMCw0MCw0MEE0MCw0MCwwLDAsMCw4MCw0MFptMCw2NGEyNCwyNCwwLDEsMSwyNC0yNEEyNCwyNCwwLDAsMSw4MCwxMDRabTk2LDE2YTQwLDQwLDAsMSwwLTQwLTQwQTQwLDQwLDAsMCwwLDE3NiwxMjBabTAtNjRhMjQsMjQsMCwxLDEtMjQsMjRBMjQsMjQsMCwwLDEsMTc2LDU2Wk04MCwxMzZhNDAsNDAsMCwxLDAsNDAsNDBBNDAsNDAsMCwwLDAsODAsMTM2Wm0wLDY0YTI0LDI0LDAsMSwxLDI0LTI0QTI0LDI0LDAsMCwxLDgwLDIwMFptOTYtNjRhNDAsNDAsMCwxLDAsNDAsNDBBNDAsNDAsMCwwLDAsMTc2LDEzNlptMCw2NGEyNCwyNCwwLDEsMSwyNC0yNEEyNCwyNCwwLDAsMSwxNzYsMjAwWiI+PC9wYXRoPjwvc3ZnPg==\" alt=\"\" style=\"object-fit:cover\"\/><\/figure>\n\n\n\n<h3 class=\"wp-block-heading\"> Propret\u00e9<\/h3>\n\n\n\n<p>Nous fournissons l&rsquo;\u00e9quipement et les fournitures pour votre tranquillit\u00e9 d\u2019esprit.<\/p>\n<\/div>\n<\/div>\n<\/div>\n\n\n\n<div class=\"wp-block-column is-vertically-aligned-stretch ext-animate--on is-layout-flow wp-container-core-column-is-layout-f5bb311e wp-block-column-is-layout-flow\">\n<div class=\"wp-block-group is-style-ext-preset--group--natural-1--item-card-1--align-start has-global-padding is-layout-constrained wp-block-group-is-layout-constrained is-style-ext-preset--group--natural-1--item-card-1--align-start--8\">\n<div class=\"wp-block-group is-style-default has-global-padding is-layout-constrained wp-block-group-is-layout-constrained\">\n<figure class=\"wp-block-image size-large ext-aspect-landscape wp-duotone-primary-foreground\"><img decoding=\"async\" src=\"data:image\/svg+xml;base64,PHN2ZyB4bWxucz0iaHR0cDovL3d3dy53My5vcmcvMjAwMC9zdmciIHdpZHRoPSI0OCIgaGVpZ2h0PSI0OCIgZmlsbD0iIzAwMDAwMCIgdmlld0JveD0iMCAwIDI1NiAyNTYiPjxwYXRoIGQ9Ik04MCw0MGE0MCw0MCwwLDEsMCw0MCw0MEE0MCw0MCwwLDAsMCw4MCw0MFptMCw2NGEyNCwyNCwwLDEsMSwyNC0yNEEyNCwyNCwwLDAsMSw4MCwxMDRabTk2LDE2YTQwLDQwLDAsMSwwLTQwLTQwQTQwLDQwLDAsMCwwLDE3NiwxMjBabTAtNjRhMjQsMjQsMCwxLDEtMjQsMjRBMjQsMjQsMCwwLDEsMTc2LDU2Wk04MCwxMzZhNDAsNDAsMCwxLDAsNDAsNDBBNDAsNDAsMCwwLDAsODAsMTM2Wm0wLDY0YTI0LDI0LDAsMSwxLDI0LTI0QTI0LDI0LDAsMCwxLDgwLDIwMFptMTM2LTI0YTgsOCwwLDAsMS04LDhIMTg0djI0YTgsOCwwLDAsMS0xNiwwVjE4NEgxNDRhOCw4LDAsMCwxLDAtMTZoMjRWMTQ0YTgsOCwwLDAsMSwxNiwwdjI0aDI0QTgsOCwwLDAsMSwyMTYsMTc2WiI+PC9wYXRoPjwvc3ZnPg==\" alt=\"\" style=\"object-fit:cover\"\/><\/figure>\n\n\n\n<h3 class=\"wp-block-heading\">Confort<\/h3>\n\n\n\n<p>Chaque chambre est \u00e9quip\u00e9e pour garantir un s\u00e9jour agr\u00e9able et reposant.<\/p>\n<\/div>\n<\/div>\n<\/div>\n<\/div>\n<\/div>\n\n\n\n<div class=\"wp-block-group alignfull is-style-ext-preset--group--natural-1--section has-background-background-color has-background has-global-padding is-layout-constrained wp-container-core-group-is-layout-f72f1611 wp-block-group-is-layout-constrained is-style-ext-preset--group--natural-1--section--9\" id=\"gallery\" style=\"margin-top:0;margin-bottom:0;padding-top:var(--wp--preset--spacing--70);padding-bottom:var(--wp--preset--spacing--70)\">\n<div class=\"wp-block-group alignwide ext-is-logical-start has-global-padding is-content-justification-left is-layout-constrained wp-container-core-group-is-layout-6729bdbe wp-block-group-is-layout-constrained\">\n<h2 class=\"wp-block-heading ext-animate--on\">Comprendre les \u00e9quipements et fournitures<\/h2>\n\n\n\n<p class=\"has-text-align-left ext-animate--on\">aper\u00e7u visuel<\/p>\n<\/div>\n\n\n\n<div class=\"wp-block-columns alignwide are-vertically-aligned-top is-layout-flex wp-container-core-columns-is-layout-87beb0d0 wp-block-columns-is-layout-flex\">\n<div class=\"wp-block-column is-vertically-aligned-top ext-animate--on is-layout-flow wp-container-core-column-is-layout-f5bb311e wp-block-column-is-layout-flow\">\n<figure class=\"wp-block-image size-large is-style-ext-preset--image--natural-1--image-1--content-bottom is-style-ext-preset--image--natural-1--image-1--content-bottom--10\"><img loading=\"lazy\" decoding=\"async\" width=\"1024\" height=\"768\" src=\"https:\/\/ppimultimedia.ca\/wp-content\/uploads\/2026\/04\/2022-09-09-12.53.33-1024x768.jpg\" alt=\"\" class=\"wp-image-385\" style=\"aspect-ratio:1;object-fit:cover\" srcset=\"https:\/\/ppimultimedia.ca\/wp-content\/uploads\/2026\/04\/2022-09-09-12.53.33-1024x768.jpg 1024w, https:\/\/ppimultimedia.ca\/wp-content\/uploads\/2026\/04\/2022-09-09-12.53.33-300x225.jpg 300w, https:\/\/ppimultimedia.ca\/wp-content\/uploads\/2026\/04\/2022-09-09-12.53.33-768x576.jpg 768w, https:\/\/ppimultimedia.ca\/wp-content\/uploads\/2026\/04\/2022-09-09-12.53.33-1536x1152.jpg 1536w, https:\/\/ppimultimedia.ca\/wp-content\/uploads\/2026\/04\/2022-09-09-12.53.33-2048x1536.jpg 2048w, https:\/\/ppimultimedia.ca\/wp-content\/uploads\/2026\/04\/2022-09-09-12.53.33-16x12.jpg 16w\" sizes=\"auto, (max-width: 1024px) 100vw, 1024px\" \/><figcaption class=\"wp-element-caption\">Ustensiles et petit outils<\/figcaption><\/figure>\n\n\n\n<figure class=\"wp-block-image size-large is-style-ext-preset--image--natural-1--image-1--content-bottom is-style-ext-preset--image--natural-1--image-1--content-bottom--11\"><img loading=\"lazy\" decoding=\"async\" width=\"768\" height=\"1024\" src=\"https:\/\/ppimultimedia.ca\/wp-content\/uploads\/2026\/04\/282-P3-768x1024.jpg\" alt=\"\" class=\"wp-image-290\" style=\"aspect-ratio:1;object-fit:cover\" srcset=\"https:\/\/ppimultimedia.ca\/wp-content\/uploads\/2026\/04\/282-P3-768x1024.jpg 768w, https:\/\/ppimultimedia.ca\/wp-content\/uploads\/2026\/04\/282-P3-225x300.jpg 225w, https:\/\/ppimultimedia.ca\/wp-content\/uploads\/2026\/04\/282-P3-1152x1536.jpg 1152w, https:\/\/ppimultimedia.ca\/wp-content\/uploads\/2026\/04\/282-P3-1536x2048.jpg 1536w, https:\/\/ppimultimedia.ca\/wp-content\/uploads\/2026\/04\/282-P3-9x12.jpg 9w, https:\/\/ppimultimedia.ca\/wp-content\/uploads\/2026\/04\/282-P3.jpg 1550w\" sizes=\"auto, (max-width: 768px) 100vw, 768px\" \/><figcaption class=\"wp-element-caption\">Gros \u00e9lectros<\/figcaption><\/figure>\n<\/div>\n\n\n\n<div class=\"wp-block-column is-vertically-aligned-top ext-animate--on is-layout-flow wp-container-core-column-is-layout-f5bb311e wp-block-column-is-layout-flow\">\n<figure class=\"wp-block-image size-large is-style-ext-preset--image--natural-1--image-1--content-bottom is-style-ext-preset--image--natural-1--image-1--content-bottom--12\"><img loading=\"lazy\" decoding=\"async\" width=\"1024\" height=\"768\" src=\"https:\/\/ppimultimedia.ca\/wp-content\/uploads\/2026\/04\/2022-09-09-12.52.18-1024x768.jpg\" alt=\"\" class=\"wp-image-381\" style=\"aspect-ratio:1;object-fit:cover\" srcset=\"https:\/\/ppimultimedia.ca\/wp-content\/uploads\/2026\/04\/2022-09-09-12.52.18-1024x768.jpg 1024w, https:\/\/ppimultimedia.ca\/wp-content\/uploads\/2026\/04\/2022-09-09-12.52.18-300x225.jpg 300w, https:\/\/ppimultimedia.ca\/wp-content\/uploads\/2026\/04\/2022-09-09-12.52.18-768x576.jpg 768w, https:\/\/ppimultimedia.ca\/wp-content\/uploads\/2026\/04\/2022-09-09-12.52.18-1536x1152.jpg 1536w, https:\/\/ppimultimedia.ca\/wp-content\/uploads\/2026\/04\/2022-09-09-12.52.18-2048x1536.jpg 2048w, https:\/\/ppimultimedia.ca\/wp-content\/uploads\/2026\/04\/2022-09-09-12.52.18-16x12.jpg 16w\" sizes=\"auto, (max-width: 1024px) 100vw, 1024px\" \/><figcaption class=\"wp-element-caption\">Plats \u00e0 cuisiner<\/figcaption><\/figure>\n\n\n\n<figure class=\"wp-block-image size-large is-style-ext-preset--image--natural-1--image-1--content-bottom is-style-ext-preset--image--natural-1--image-1--content-bottom--13\"><img loading=\"lazy\" decoding=\"async\" width=\"768\" height=\"1024\" src=\"https:\/\/ppimultimedia.ca\/wp-content\/uploads\/2026\/04\/118depw-768x1024.jpg\" alt=\"\" class=\"wp-image-157\" style=\"aspect-ratio:1;object-fit:cover\" srcset=\"https:\/\/ppimultimedia.ca\/wp-content\/uploads\/2026\/04\/118depw-768x1024.jpg 768w, https:\/\/ppimultimedia.ca\/wp-content\/uploads\/2026\/04\/118depw-225x300.jpg 225w, https:\/\/ppimultimedia.ca\/wp-content\/uploads\/2026\/04\/118depw-1152x1536.jpg 1152w, https:\/\/ppimultimedia.ca\/wp-content\/uploads\/2026\/04\/118depw-1536x2048.jpg 1536w, https:\/\/ppimultimedia.ca\/wp-content\/uploads\/2026\/04\/118depw-9x12.jpg 9w, https:\/\/ppimultimedia.ca\/wp-content\/uploads\/2026\/04\/118depw.jpg 1561w\" sizes=\"auto, (max-width: 768px) 100vw, 768px\" \/><figcaption class=\"wp-element-caption\">Produits d&rsquo;entretien et aliments de base<\/figcaption><\/figure>\n<\/div>\n\n\n\n<div class=\"wp-block-column is-vertically-aligned-top ext-animate--on is-layout-flow wp-container-core-column-is-layout-f5bb311e wp-block-column-is-layout-flow\">\n<figure class=\"wp-block-image size-large is-style-ext-preset--image--natural-1--image-1--content-bottom is-style-ext-preset--image--natural-1--image-1--content-bottom--14\"><img loading=\"lazy\" decoding=\"async\" width=\"768\" height=\"1024\" src=\"https:\/\/ppimultimedia.ca\/wp-content\/uploads\/2026\/04\/2022-09-09-12.52.02-768x1024.jpg\" alt=\"\" class=\"wp-image-380\" style=\"aspect-ratio:1;object-fit:cover\" srcset=\"https:\/\/ppimultimedia.ca\/wp-content\/uploads\/2026\/04\/2022-09-09-12.52.02-768x1024.jpg 768w, https:\/\/ppimultimedia.ca\/wp-content\/uploads\/2026\/04\/2022-09-09-12.52.02-225x300.jpg 225w, https:\/\/ppimultimedia.ca\/wp-content\/uploads\/2026\/04\/2022-09-09-12.52.02-1152x1536.jpg 1152w, https:\/\/ppimultimedia.ca\/wp-content\/uploads\/2026\/04\/2022-09-09-12.52.02-1536x2048.jpg 1536w, https:\/\/ppimultimedia.ca\/wp-content\/uploads\/2026\/04\/2022-09-09-12.52.02-9x12.jpg 9w, https:\/\/ppimultimedia.ca\/wp-content\/uploads\/2026\/04\/2022-09-09-12.52.02.jpg 1550w\" sizes=\"auto, (max-width: 768px) 100vw, 768px\" \/><figcaption class=\"wp-element-caption\">Vaisselle et petit \u00e9lectros<\/figcaption><\/figure>\n\n\n\n<figure class=\"wp-block-image size-large is-style-ext-preset--image--natural-1--image-1--content-bottom is-style-ext-preset--image--natural-1--image-1--content-bottom--15\"><img loading=\"lazy\" decoding=\"async\" width=\"1024\" height=\"576\" src=\"https:\/\/ppimultimedia.ca\/wp-content\/uploads\/2026\/04\/118epw-1024x576.jpg\" alt=\"\" class=\"wp-image-158\" style=\"aspect-ratio:1;object-fit:cover\" srcset=\"https:\/\/ppimultimedia.ca\/wp-content\/uploads\/2026\/04\/118epw-1024x576.jpg 1024w, https:\/\/ppimultimedia.ca\/wp-content\/uploads\/2026\/04\/118epw-300x169.jpg 300w, https:\/\/ppimultimedia.ca\/wp-content\/uploads\/2026\/04\/118epw-768x432.jpg 768w, https:\/\/ppimultimedia.ca\/wp-content\/uploads\/2026\/04\/118epw-1536x864.jpg 1536w, https:\/\/ppimultimedia.ca\/wp-content\/uploads\/2026\/04\/118epw-2048x1152.jpg 2048w, https:\/\/ppimultimedia.ca\/wp-content\/uploads\/2026\/04\/118epw-18x10.jpg 18w\" sizes=\"auto, (max-width: 1024px) 100vw, 1024px\" \/><figcaption class=\"wp-element-caption\">Bouillons herbes et \u00e9pices populaires<\/figcaption><\/figure>\n<\/div>\n<\/div>\n<\/div>","protected":false},"excerpt":{"rendered":"<p>L&#8217;emplacement optimal pour profiter pleinement de votre chambre \u00e0 Laval D\u00e9couvrez notre galerie photo pr\u00e9sentant nos chambres confortables et les services exclusifs pour un s\u00e9jour de qualit\u00e9. Laval des Rapides Confort Classique prochaine dispo: Libre Chomedey \u00c9l\u00e9gance Moderne prochaine dispo: Libre Ste Doroth\u00e9e Nature et Espace prochaine dispo: Mai Principes cl\u00e9s pour une location r\u00e9ussie [&hellip;]<\/p>\n","protected":false},"author":1,"featured_media":0,"parent":0,"menu_order":0,"comment_status":"closed","ping_status":"closed","template":"page-with-title","meta":{"footnotes":""},"class_list":["post-53","page","type-page","status-publish","hentry"],"_links":{"self":[{"href":"https:\/\/ppimultimedia.ca\/en\/wp-json\/wp\/v2\/pages\/53","targetHints":{"allow":["GET"]}}],"collection":[{"href":"https:\/\/ppimultimedia.ca\/en\/wp-json\/wp\/v2\/pages"}],"about":[{"href":"https:\/\/ppimultimedia.ca\/en\/wp-json\/wp\/v2\/types\/page"}],"author":[{"embeddable":true,"href":"https:\/\/ppimultimedia.ca\/en\/wp-json\/wp\/v2\/users\/1"}],"replies":[{"embeddable":true,"href":"https:\/\/ppimultimedia.ca\/en\/wp-json\/wp\/v2\/comments?post=53"}],"version-history":[{"count":2,"href":"https:\/\/ppimultimedia.ca\/en\/wp-json\/wp\/v2\/pages\/53\/revisions"}],"predecessor-version":[{"id":416,"href":"https:\/\/ppimultimedia.ca\/en\/wp-json\/wp\/v2\/pages\/53\/revisions\/416"}],"wp:attachment":[{"href":"https:\/\/ppimultimedia.ca\/en\/wp-json\/wp\/v2\/media?parent=53"}],"curies":[{"name":"wp","href":"https:\/\/api.w.org\/{rel}","templated":true}]}}