{"id":51,"date":"2026-03-10T14:51:01","date_gmt":"2026-03-10T14:51:01","guid":{"rendered":"https:\/\/ppimultimedia.ca\/services\/"},"modified":"2026-03-10T14:56:01","modified_gmt":"2026-03-10T14:56:01","slug":"services","status":"publish","type":"page","link":"https:\/\/ppimultimedia.ca\/en\/services\/","title":{"rendered":"Services"},"content":{"rendered":"<div class=\"wp-block-group alignfull is-style-ext-preset--group--natural-1--section has-background-background-color has-background has-global-padding is-layout-constrained wp-container-core-group-is-layout-e955bbaf wp-block-group-is-layout-constrained is-style-ext-preset--group--natural-1--section--1\" id=\"services\" style=\"margin-top:0;margin-bottom:0;padding-top:var(--wp--preset--spacing--70);padding-bottom:var(--wp--preset--spacing--70)\">\n<div class=\"wp-block-group alignwide ext-is-logical-start has-global-padding is-content-justification-left is-layout-constrained wp-container-core-group-is-layout-6729bdbe wp-block-group-is-layout-constrained\">\n<h2 class=\"wp-block-heading ext-animate--on\">Comment choisir la chambre parfaite en toute simplicit\u00e9<\/h2>\n\n\n\n<p class=\"has-text-align-left ext-animate--on\">D\u00e9couvrez notre gamme compl\u00e8te de prestations, pens\u00e9es pour votre confort et votre enti\u00e8re satisfaction.<\/p>\n<\/div>\n\n\n\n<div class=\"wp-block-columns alignwide is-layout-flex wp-container-core-columns-is-layout-08c01c1c wp-block-columns-is-layout-flex\">\n<div class=\"wp-block-column ext-animate--on is-layout-flow wp-block-column-is-layout-flow\">\n<div class=\"wp-block-group is-style-ext-preset--group--natural-1--item-card-1--align-start has-global-padding is-layout-constrained wp-block-group-is-layout-constrained is-style-ext-preset--group--natural-1--item-card-1--align-start--2\">\n<figure class=\"wp-block-image\"><img loading=\"lazy\" decoding=\"async\" width=\"960\" height=\"1440\" class=\"wp-image-70\" src=\"https:\/\/ppimultimedia.ca\/wp-content\/uploads\/2026\/03\/e72d06dd6ec7bd7399459047aa2af7607252e686.jpg\" alt=\"\" style=\"aspect-ratio:4\/3;object-fit:cover\" srcset=\"https:\/\/ppimultimedia.ca\/wp-content\/uploads\/2026\/03\/e72d06dd6ec7bd7399459047aa2af7607252e686.jpg 960w, https:\/\/ppimultimedia.ca\/wp-content\/uploads\/2026\/03\/e72d06dd6ec7bd7399459047aa2af7607252e686-200x300.jpg 200w, https:\/\/ppimultimedia.ca\/wp-content\/uploads\/2026\/03\/e72d06dd6ec7bd7399459047aa2af7607252e686-683x1024.jpg 683w, https:\/\/ppimultimedia.ca\/wp-content\/uploads\/2026\/03\/e72d06dd6ec7bd7399459047aa2af7607252e686-768x1152.jpg 768w, https:\/\/ppimultimedia.ca\/wp-content\/uploads\/2026\/03\/e72d06dd6ec7bd7399459047aa2af7607252e686-8x12.jpg 8w\" sizes=\"auto, (max-width: 960px) 100vw, 960px\" \/><\/figure>\n\n\n\n<div class=\"wp-block-group is-style-default has-global-padding is-layout-constrained wp-block-group-is-layout-constrained\">\n<h3 class=\"wp-block-heading\">Consultation personnalis\u00e9e<\/h3>\n\n\n\n<p>Nous analysons vos attentes pour trouver la chambre qui correspond parfaitement \u00e0 vos crit\u00e8res.<\/p>\n<\/div>\n<\/div>\n<\/div>\n\n\n\n<div class=\"wp-block-column ext-animate--on is-layout-flow wp-block-column-is-layout-flow\">\n<div class=\"wp-block-group is-style-ext-preset--group--natural-1--item-card-1--align-start has-global-padding is-layout-constrained wp-block-group-is-layout-constrained is-style-ext-preset--group--natural-1--item-card-1--align-start--3\">\n<figure class=\"wp-block-image\"><img loading=\"lazy\" decoding=\"async\" width=\"1440\" height=\"961\" class=\"wp-image-67\" src=\"https:\/\/ppimultimedia.ca\/wp-content\/uploads\/2026\/03\/1eb06ac38bcf88d95e5a65ae3e241d4ac519328a.jpg\" alt=\"\" style=\"aspect-ratio:4\/3;object-fit:cover\" srcset=\"https:\/\/ppimultimedia.ca\/wp-content\/uploads\/2026\/03\/1eb06ac38bcf88d95e5a65ae3e241d4ac519328a.jpg 1440w, https:\/\/ppimultimedia.ca\/wp-content\/uploads\/2026\/03\/1eb06ac38bcf88d95e5a65ae3e241d4ac519328a-300x200.jpg 300w, https:\/\/ppimultimedia.ca\/wp-content\/uploads\/2026\/03\/1eb06ac38bcf88d95e5a65ae3e241d4ac519328a-1024x683.jpg 1024w, https:\/\/ppimultimedia.ca\/wp-content\/uploads\/2026\/03\/1eb06ac38bcf88d95e5a65ae3e241d4ac519328a-768x513.jpg 768w, https:\/\/ppimultimedia.ca\/wp-content\/uploads\/2026\/03\/1eb06ac38bcf88d95e5a65ae3e241d4ac519328a-18x12.jpg 18w\" sizes=\"auto, (max-width: 1440px) 100vw, 1440px\" \/><\/figure>\n\n\n\n<div class=\"wp-block-group is-style-default has-global-padding is-layout-constrained wp-block-group-is-layout-constrained\">\n<h3 class=\"wp-block-heading\">Assistance administrative<\/h3>\n\n\n\n<p>Nous vous accompagnons dans toutes les d\u00e9marches pour faciliter votre location.<\/p>\n<\/div>\n<\/div>\n<\/div>\n\n\n\n<div class=\"wp-block-column ext-animate--on is-layout-flow wp-block-column-is-layout-flow\">\n<div class=\"wp-block-group is-style-ext-preset--group--natural-1--item-card-1--align-start has-global-padding is-layout-constrained wp-block-group-is-layout-constrained is-style-ext-preset--group--natural-1--item-card-1--align-start--4\">\n<figure class=\"wp-block-image\"><img loading=\"lazy\" decoding=\"async\" width=\"1440\" height=\"960\" class=\"wp-image-71\" src=\"https:\/\/ppimultimedia.ca\/wp-content\/uploads\/2026\/03\/e7b15c2d9072602b8b2a0574f24cd6d2b5825aac.jpg\" alt=\"\" style=\"aspect-ratio:4\/3;object-fit:cover\" srcset=\"https:\/\/ppimultimedia.ca\/wp-content\/uploads\/2026\/03\/e7b15c2d9072602b8b2a0574f24cd6d2b5825aac.jpg 1440w, https:\/\/ppimultimedia.ca\/wp-content\/uploads\/2026\/03\/e7b15c2d9072602b8b2a0574f24cd6d2b5825aac-300x200.jpg 300w, https:\/\/ppimultimedia.ca\/wp-content\/uploads\/2026\/03\/e7b15c2d9072602b8b2a0574f24cd6d2b5825aac-1024x683.jpg 1024w, https:\/\/ppimultimedia.ca\/wp-content\/uploads\/2026\/03\/e7b15c2d9072602b8b2a0574f24cd6d2b5825aac-768x512.jpg 768w, https:\/\/ppimultimedia.ca\/wp-content\/uploads\/2026\/03\/e7b15c2d9072602b8b2a0574f24cd6d2b5825aac-18x12.jpg 18w\" sizes=\"auto, (max-width: 1440px) 100vw, 1440px\" \/><\/figure>\n\n\n\n<div class=\"wp-block-group is-style-default has-global-padding is-layout-constrained wp-block-group-is-layout-constrained\">\n<h3 class=\"wp-block-heading\">Support 24\/7<\/h3>\n\n\n\n<p>B\u00e9n\u00e9ficiez d&rsquo;une aide continue pour garantir une exp\u00e9rience de location sans souci.<\/p>\n<\/div>\n<\/div>\n<\/div>\n<\/div>\n<\/div>\n\n<div class=\"wp-block-group alignfull is-style-ext-preset--group--natural-1--section has-tertiary-background-color has-background has-global-padding is-layout-constrained wp-container-core-group-is-layout-e955bbaf wp-block-group-is-layout-constrained is-style-ext-preset--group--natural-1--section--5\" style=\"margin-top:0;margin-bottom:0;padding-top:var(--wp--preset--spacing--70);padding-bottom:var(--wp--preset--spacing--70)\">\n<div class=\"wp-block-group alignwide ext-is-logical-start has-global-padding is-content-justification-left is-layout-constrained wp-container-core-group-is-layout-20186816 wp-block-group-is-layout-constrained\">\n<h2 class=\"wp-block-heading has-text-align-left ext-animate--on\">Conseils essentiels pour une location de chambre sereine<\/h2>\n\n\n\n<p class=\"has-text-align-left ext-animate--on\" style=\"margin-top:1.5rem\">D\u00e9couvrez ici les diff\u00e9rentes options de chambres, leurs avantages, et vos droits en tant que locataire pour un s\u00e9jour sans souci.<\/p>\n<\/div>\n\n\n\n<div class=\"wp-block-columns alignwide is-layout-flex wp-container-core-columns-is-layout-28f84493 wp-block-columns-is-layout-flex\">\n<div class=\"wp-block-column is-vertically-aligned-stretch ext-animate--on is-layout-flow wp-block-column-is-layout-flow\">\n<div class=\"wp-block-group is-style-ext-preset--group--natural-1--item-card-1--align-start has-background-background-color has-background is-vertical is-content-justification-stretch is-layout-flex wp-container-core-group-is-layout-4cb539e6 wp-block-group-is-layout-flex is-style-ext-preset--group--natural-1--item-card-1--align-start--6\" style=\"min-height:100%;padding-top:0;padding-right:0;padding-bottom:0;padding-left:0\">\n<figure class=\"wp-block-image\"><img loading=\"lazy\" decoding=\"async\" width=\"1440\" height=\"960\" class=\"wp-image-66\" src=\"https:\/\/ppimultimedia.ca\/wp-content\/uploads\/2026\/03\/9c5f8f116276fbdf0ac71a33bd621fb9b4d6a0b8.jpg\" alt=\"\" style=\"aspect-ratio:1;object-fit:cover\" srcset=\"https:\/\/ppimultimedia.ca\/wp-content\/uploads\/2026\/03\/9c5f8f116276fbdf0ac71a33bd621fb9b4d6a0b8.jpg 1440w, https:\/\/ppimultimedia.ca\/wp-content\/uploads\/2026\/03\/9c5f8f116276fbdf0ac71a33bd621fb9b4d6a0b8-300x200.jpg 300w, https:\/\/ppimultimedia.ca\/wp-content\/uploads\/2026\/03\/9c5f8f116276fbdf0ac71a33bd621fb9b4d6a0b8-1024x683.jpg 1024w, https:\/\/ppimultimedia.ca\/wp-content\/uploads\/2026\/03\/9c5f8f116276fbdf0ac71a33bd621fb9b4d6a0b8-768x512.jpg 768w, https:\/\/ppimultimedia.ca\/wp-content\/uploads\/2026\/03\/9c5f8f116276fbdf0ac71a33bd621fb9b4d6a0b8-18x12.jpg 18w\" sizes=\"auto, (max-width: 1440px) 100vw, 1440px\" \/><\/figure>\n\n\n\n<div class=\"wp-block-group is-style-default wp-container-content-9cfa9a5a is-vertical is-content-justification-stretch is-layout-flex wp-container-core-group-is-layout-d1099038 wp-block-group-is-layout-flex\" style=\"margin-top:0;padding-top:1.5rem;padding-right:1.5rem;padding-bottom:1.5rem;padding-left:1.5rem\">\n<div class=\"wp-block-columns is-not-stacked-on-mobile is-layout-flex wp-container-core-columns-is-layout-ea69a204 wp-block-columns-is-layout-flex\">\n<div class=\"wp-block-column is-layout-flow wp-block-column-is-layout-flow\" style=\"flex-basis:66.66%\">\n<h3 class=\"wp-block-heading has-medium-font-size\">Chambre Standard<\/h3>\n\n\n\n<p style=\"margin-top:4px;margin-bottom:0;font-size:14px\">Confort Int\u00e9rieur<\/p>\n<\/div>\n\n\n\n<div class=\"wp-block-column is-layout-flow wp-block-column-is-layout-flow\" style=\"flex-basis:33.33%\">\n<h3 class=\"wp-block-heading has-text-align-right\" style=\"font-size:clamp(14px, 0.875rem + ((1vw - 3.2px) * 0.625), 20px);\">\u20ac45,00<\/h3>\n<\/div>\n<\/div>\n<\/div>\n<\/div>\n<\/div>\n\n\n\n<div class=\"wp-block-column is-vertically-aligned-stretch ext-animate--on is-layout-flow wp-block-column-is-layout-flow\">\n<div class=\"wp-block-group is-style-ext-preset--group--natural-1--item-card-1--align-start has-background-background-color has-background is-vertical is-content-justification-stretch is-layout-flex wp-container-core-group-is-layout-4cb539e6 wp-block-group-is-layout-flex is-style-ext-preset--group--natural-1--item-card-1--align-start--7\" style=\"min-height:100%;padding-top:0;padding-right:0;padding-bottom:0;padding-left:0\">\n<figure class=\"wp-block-image\"><img loading=\"lazy\" decoding=\"async\" width=\"1440\" height=\"961\" class=\"wp-image-67\" src=\"https:\/\/ppimultimedia.ca\/wp-content\/uploads\/2026\/03\/1eb06ac38bcf88d95e5a65ae3e241d4ac519328a.jpg\" alt=\"\" style=\"aspect-ratio:1;object-fit:cover\" srcset=\"https:\/\/ppimultimedia.ca\/wp-content\/uploads\/2026\/03\/1eb06ac38bcf88d95e5a65ae3e241d4ac519328a.jpg 1440w, https:\/\/ppimultimedia.ca\/wp-content\/uploads\/2026\/03\/1eb06ac38bcf88d95e5a65ae3e241d4ac519328a-300x200.jpg 300w, https:\/\/ppimultimedia.ca\/wp-content\/uploads\/2026\/03\/1eb06ac38bcf88d95e5a65ae3e241d4ac519328a-1024x683.jpg 1024w, https:\/\/ppimultimedia.ca\/wp-content\/uploads\/2026\/03\/1eb06ac38bcf88d95e5a65ae3e241d4ac519328a-768x513.jpg 768w, https:\/\/ppimultimedia.ca\/wp-content\/uploads\/2026\/03\/1eb06ac38bcf88d95e5a65ae3e241d4ac519328a-18x12.jpg 18w\" sizes=\"auto, (max-width: 1440px) 100vw, 1440px\" \/><\/figure>\n\n\n\n<div class=\"wp-block-group is-style-default wp-container-content-9cfa9a5a is-vertical is-content-justification-stretch is-layout-flex wp-container-core-group-is-layout-d1099038 wp-block-group-is-layout-flex\" style=\"margin-top:0;padding-top:1.5rem;padding-right:1.5rem;padding-bottom:1.5rem;padding-left:1.5rem\">\n<div class=\"wp-block-columns is-not-stacked-on-mobile is-layout-flex wp-container-core-columns-is-layout-ea69a204 wp-block-columns-is-layout-flex\">\n<div class=\"wp-block-column is-layout-flow wp-block-column-is-layout-flow\" style=\"flex-basis:66.66%\">\n<h3 class=\"wp-block-heading has-medium-font-size\">Chambre Sup\u00e9rieure<\/h3>\n\n\n\n<p style=\"margin-top:4px;margin-bottom:0;font-size:14px\">Vue Panoramique<\/p>\n<\/div>\n\n\n\n<div class=\"wp-block-column is-layout-flow wp-block-column-is-layout-flow\" style=\"flex-basis:33.33%\">\n<h3 class=\"wp-block-heading has-text-align-right\" style=\"font-size:clamp(14px, 0.875rem + ((1vw - 3.2px) * 0.625), 20px);\">\u20ac65,00<\/h3>\n<\/div>\n<\/div>\n<\/div>\n<\/div>\n<\/div>\n\n\n\n<div class=\"wp-block-column is-vertically-aligned-stretch ext-animate--on is-layout-flow wp-block-column-is-layout-flow\">\n<div class=\"wp-block-group is-style-ext-preset--group--natural-1--item-card-1--align-start has-background-background-color has-background is-vertical is-content-justification-stretch is-layout-flex wp-container-core-group-is-layout-4cb539e6 wp-block-group-is-layout-flex is-style-ext-preset--group--natural-1--item-card-1--align-start--8\" style=\"min-height:100%;padding-top:0;padding-right:0;padding-bottom:0;padding-left:0\">\n<figure class=\"wp-block-image\"><img loading=\"lazy\" decoding=\"async\" width=\"960\" height=\"1440\" class=\"wp-image-68\" src=\"https:\/\/ppimultimedia.ca\/wp-content\/uploads\/2026\/03\/045c13c6d04e3d4707c5b2f83ce9dcad5e80118f.jpg\" alt=\"\" style=\"aspect-ratio:1;object-fit:cover\" srcset=\"https:\/\/ppimultimedia.ca\/wp-content\/uploads\/2026\/03\/045c13c6d04e3d4707c5b2f83ce9dcad5e80118f.jpg 960w, https:\/\/ppimultimedia.ca\/wp-content\/uploads\/2026\/03\/045c13c6d04e3d4707c5b2f83ce9dcad5e80118f-200x300.jpg 200w, https:\/\/ppimultimedia.ca\/wp-content\/uploads\/2026\/03\/045c13c6d04e3d4707c5b2f83ce9dcad5e80118f-683x1024.jpg 683w, https:\/\/ppimultimedia.ca\/wp-content\/uploads\/2026\/03\/045c13c6d04e3d4707c5b2f83ce9dcad5e80118f-768x1152.jpg 768w, https:\/\/ppimultimedia.ca\/wp-content\/uploads\/2026\/03\/045c13c6d04e3d4707c5b2f83ce9dcad5e80118f-8x12.jpg 8w\" sizes=\"auto, (max-width: 960px) 100vw, 960px\" \/><\/figure>\n\n\n\n<div class=\"wp-block-group is-style-default wp-container-content-9cfa9a5a is-vertical is-content-justification-stretch is-layout-flex wp-container-core-group-is-layout-2f2da33a wp-block-group-is-layout-flex\" style=\"margin-top:0;padding-top:1.5rem;padding-right:1.5rem;padding-bottom:1.5rem;padding-left:1.5rem\">\n<div class=\"wp-block-columns is-not-stacked-on-mobile is-layout-flex wp-container-core-columns-is-layout-ea69a204 wp-block-columns-is-layout-flex\">\n<div class=\"wp-block-column is-layout-flow wp-block-column-is-layout-flow\" style=\"flex-basis:66.66%\">\n<h3 class=\"wp-block-heading has-medium-font-size\">Suite Deluxe<\/h3>\n\n\n\n<p style=\"margin-top:4px;margin-bottom:0;font-size:14px\">Espace Premium<\/p>\n<\/div>\n\n\n\n<div class=\"wp-block-column is-layout-flow wp-block-column-is-layout-flow\" style=\"flex-basis:33.33%\">\n<h3 class=\"wp-block-heading has-text-align-right\" style=\"font-size:clamp(14px, 0.875rem + ((1vw - 3.2px) * 0.625), 20px);\">\u20ac85,00<\/h3>\n<\/div>\n<\/div>\n<\/div>\n<\/div>\n<\/div>\n<\/div>\n<\/div>\n\n<div class=\"wp-block-group alignfull is-style-ext-preset--group--natural-1--section ext-animate--on has-background-background-color has-background has-global-padding is-layout-constrained wp-container-core-group-is-layout-ab56ae29 wp-block-group-is-layout-constrained is-style-ext-preset--group--natural-1--section--9\" id=\"book-now\" style=\"margin-top:0;margin-bottom:0;padding-top:var(--wp--preset--spacing--70);padding-bottom:var(--wp--preset--spacing--70)\">\n<h2 class=\"wp-block-heading has-text-align-center ext-animate--on\">Explorez nos solutions flexibles de location de chambres<\/h2>\n\n\n\n<p class=\"has-text-align-center ext-animate--on\" style=\"margin-top:1.5rem\">Dans cette section, apprenez \u00e0 r\u00e9server facilement et rapidement, avec toutes les informations n\u00e9cessaires pour compl\u00e9ter votre r\u00e9servation sans souci.<\/p>\n\n\n\n<div class=\"wp-block-group alignwide ext-animate--on has-global-padding is-layout-constrained wp-block-group-is-layout-constrained\"><div class=\"alert-container\">    <div class=\"alert alert-danger\" style=\"font-size: 16px; color: #721c24;background-color: #f8d7da;border-color: #f5c6cb; padding: 20px; border-radius: 5px;\">        <strong>Notice:<\/strong>        This is a demo SimplyBook.me widget.    <\/div><\/div><div id=\"sbw_z0hg2i_calendar\"><\/div><script type=\"text\/javascript\">function instantiateSimplyBookWidget() {    new SimplybookWidget({        \"widget_type\": \"iframe\",        \"url\": \"https:\/\/demowidgetwpplugin.simplybook.it\",        \"theme\": \"default\",        \"theme_settings\": {\"timeline_show_end_time\":false,\"timeline_hide_unavailable\":true,\"hide_past_days\":false,\"hide_img_mode\":true,\"show_sidebar\":true,\"timeline_modern_display\":\"as_slots\",\"display_item_mode\":\"block\",\"sb_base_color\":\"#0E1F32\",\"booking_nav_bg_color\":\"#ECE8E5\",\"body_bg_color\":\"#f7f7f7\",\"dark_font_color\":\"#494949\",\"light_font_color\":\"var(--wp--custom--elements--button--color--text)\",\"btn_color_1\":\"#ECE8E5\",\"sb_company_label_color\":\"#ECE8E5\",\"sb_busy\":\"#0E1F32\",\"sb_available\":\"var(--wp--custom--elements--button--color--background)\",\"sb_review_image\":\"\",\"hide_company_label\":false,\"link_color\":\"var(--wp--custom--elements--button--color--background)\"},        \"timeline\": \"modern\",        \"datepicker\": \"top_calendar\",        \"is_rtl\": \"\",        \"app_config\": {            \"clear_session\": \"1\",            \"allow_switch_to_ada\": \"\",            \"predefined\": [],        },        \"container_id\": \"sbw_z0hg2i_calendar\"    });}document.addEventListener(\"DOMContentLoaded\", instantiateSimplyBookWidget);document.addEventListener(\"loadSimplyBookPreviewWidget\", instantiateSimplyBookWidget);<\/script><\/div>\n<\/div>","protected":false},"excerpt":{"rendered":"<p>Comment choisir la chambre parfaite en toute simplicit\u00e9 D\u00e9couvrez notre gamme compl\u00e8te de prestations, pens\u00e9es pour votre confort et votre enti\u00e8re satisfaction. Consultation personnalis\u00e9e Nous analysons vos attentes pour trouver la chambre qui correspond parfaitement \u00e0 vos crit\u00e8res. Assistance administrative Nous vous accompagnons dans toutes les d\u00e9marches pour faciliter votre location. Support 24\/7 B\u00e9n\u00e9ficiez d&rsquo;une [&hellip;]<\/p>\n","protected":false},"author":1,"featured_media":0,"parent":0,"menu_order":0,"comment_status":"closed","ping_status":"closed","template":"page-with-title","meta":{"footnotes":""},"class_list":["post-51","page","type-page","status-publish","hentry"],"_links":{"self":[{"href":"https:\/\/ppimultimedia.ca\/en\/wp-json\/wp\/v2\/pages\/51","targetHints":{"allow":["GET"]}}],"collection":[{"href":"https:\/\/ppimultimedia.ca\/en\/wp-json\/wp\/v2\/pages"}],"about":[{"href":"https:\/\/ppimultimedia.ca\/en\/wp-json\/wp\/v2\/types\/page"}],"author":[{"embeddable":true,"href":"https:\/\/ppimultimedia.ca\/en\/wp-json\/wp\/v2\/users\/1"}],"replies":[{"embeddable":true,"href":"https:\/\/ppimultimedia.ca\/en\/wp-json\/wp\/v2\/comments?post=51"}],"version-history":[{"count":1,"href":"https:\/\/ppimultimedia.ca\/en\/wp-json\/wp\/v2\/pages\/51\/revisions"}],"predecessor-version":[{"id":72,"href":"https:\/\/ppimultimedia.ca\/en\/wp-json\/wp\/v2\/pages\/51\/revisions\/72"}],"wp:attachment":[{"href":"https:\/\/ppimultimedia.ca\/en\/wp-json\/wp\/v2\/media?parent=51"}],"curies":[{"name":"wp","href":"https:\/\/api.w.org\/{rel}","templated":true}]}}